{"id":37080,"date":"2025-11-03T10:21:42","date_gmt":"2025-11-03T10:21:42","guid":{"rendered":"https:\/\/3carme33.cat\/politica-de-privacidad\/"},"modified":"2025-11-07T11:51:24","modified_gmt":"2025-11-07T11:51:24","slug":"politica-de-privacidad","status":"publish","type":"page","link":"https:\/\/3carme33.cat\/es\/politica-de-privacidad\/","title":{"rendered":"Pol\u00edtica de privacidad"},"content":{"rendered":"\t\t<div data-elementor-type=\"wp-page\" data-elementor-id=\"37080\" class=\"elementor elementor-37080 elementor-36743\" data-elementor-post-type=\"page\">\n\t\t\t\t\t\t<section class=\"elementor-section elementor-top-section elementor-element elementor-element-5aacbaf elementor-section-boxed elementor-section-height-default elementor-section-height-default sc_fly_static\" data-id=\"5aacbaf\" data-element_type=\"section\">\n\t\t\t\t\t\t<div class=\"elementor-container elementor-column-gap-extended\">\n\t\t\t\t\t<div class=\"elementor-column elementor-col-100 elementor-top-column elementor-element elementor-element-39690d1 sc_content_align_inherit sc_layouts_column_icons_position_left sc_fly_static\" data-id=\"39690d1\" data-element_type=\"column\">\n\t\t\t<div class=\"elementor-widget-wrap elementor-element-populated\">\n\t\t\t\t\t\t<div class=\"elementor-element elementor-element-8c95847 sc_fly_static elementor-widget elementor-widget-text-editor\" data-id=\"8c95847\" data-element_type=\"widget\" data-widget_type=\"text-editor.default\">\n\t\t\t\t<div class=\"elementor-widget-container\">\n\t\t\t\t\t\t\t\t\t<h2>S\u00edlvia Musquera Felip<\/h2><p>Junio 2021<\/p><p>S\u00edlvia Musquera Felip se compromete a proteger la privacidad de los usuarios que accedan a esta web y\/o cualquiera de sus servicios. La utilizaci\u00f3n de la web y\/o de cualquiera de los servicios ofrecidos por n\u00famero_rgpd implica la aceptaci\u00f3n por el usuario de las disposiciones contenidas en la presente Pol\u00edtica de Privacidad y que sus datos personales sean tratados seg\u00fan se estipula en ella. Por favor, tenga en cuenta que aunque pueda haber enlaces de nuestra web a otras webs, esta Pol\u00edtica de Privacidad no se aplica a las webs de otras compa\u00f1\u00edas u organizaciones a las que la web est\u00e9 redirigida. S\u00edlvia Musquera Felip no controla el contenido de las webs de terceros ni acepta cualquier responsabilidad por el contenido o las pol\u00edticas de privacidad de estas webs.   <\/p><p><b>Informaci\u00f3n sobre el tratamiento de datos (Reglamento (UE) 2016\/679 y LO 3\/2018)<\/b><\/p><table><tbody><tr><td><b>Responsable del tratamiento<\/b><\/td><td><p style=\"text-align: center;\">S\u00edlvia Musquera Felip<\/p><p style=\"text-align: center;\">NIF: 40443371X<\/p><p style=\"text-align: center;\">Carrer Esgl\u00e9sia, 10 Espolla, 17753<\/p><p style=\"text-align: center;\">Email: info@3carme33.com<\/p><\/td><\/tr><tr><td><b>Finalidad del tratamiento<\/b><\/td><td><p style=\"text-align: center;\">Ofrecer y gestionar nuestros servicios inform\u00e1ticos.<\/p><\/td><\/tr><tr><td><b>Legitimaci\u00f3n<\/b><\/td><td><p style=\"text-align: center;\">De forma general, la legitimaci\u00f3n para el tratamiento de los datos se encontrar\u00e1 en el consentimiento obtenido del interesado o en la ejecuci\u00f3n del contrato de servicios.<\/p><\/td><\/tr><tr><td><b>Destinatarios<\/b><\/td><td><p style=\"text-align: center;\">Los datos no ser\u00e1n comunicados a terceros, salvo que lo exija una ley o sea necesario para cumplir con la finalidad del tratamiento.<\/p><\/td><\/tr><tr><td><b>Derechos de las personas<\/b><\/td><td><p style=\"text-align: center;\">Los interesados \u200b\u200btienen derecho a ejercer los derechos de acceso, rectificaci\u00f3n, limitaci\u00f3n de tratamiento, supresi\u00f3n, portabilidad y oposici\u00f3n, enviando su solicitud a nuestra direcci\u00f3n.<\/p><\/td><\/tr><tr><td><b>Plazo de conservaci\u00f3n de los datos<\/b><\/td><td><p style=\"text-align: center;\">Mientras se mantenga la relaci\u00f3n comercial o durante los a\u00f1os necesarios para cumplir con sus obligaciones legales.<\/p><\/td><\/tr><tr><td><b>Reclamaci\u00f3n<\/b><\/td><td><p style=\"text-align: center;\">Los interesados \u200b\u200bpueden dirigirse a la AEPD para presentar la reclamaci\u00f3n que considere oportuna.<\/p><\/td><\/tr><tr><td><b>Informaci\u00f3n adicional<\/b><\/td><td><p style=\"text-align: center;\">Puede consultar la informaci\u00f3n adicional y detallada a continuaci\u00f3n en las \u201cCuestiones sobre privacidad\u201d.<\/p><\/td><\/tr><\/tbody><\/table><p style=\"text-align: center;\"><b>Cuestiones sobre privacidad<\/b><\/p><p>En cumplimiento del Reglamento (UE) 2016\/679 del Parlamento Europeo y del Consejo, de 27 de abril de 2016, (RGPD) y la Ley Org\u00e1nica 3\/2018, de 5 de diciembre, de Protecci\u00f3n de Datos Personales y garant\u00eda de los derechos digitales (LOPDGDD), le ofrecemos la siguiente informaci\u00f3n sobre el tratamiento de sus<\/p><p>\u00bfQui\u00e9n es el responsable del tratamiento de sus datos?<br>Identidad: S\u00edlvia Musquera Felip<br>NIF: 40443371X<br>Direcci\u00f3n: Carrer Esgl\u00e9sia, 10 Espolla, 17753<br>Tel.: 972 50 14 13<br>Email: info@3carme33.com<\/p><p><b>\u00bfCon qu\u00e9 finalidad tratamos sus datos personales?<\/b><\/p><ul><li aria-level=\"1\">Tratamos la informaci\u00f3n que se nos facilita para gestionar nuestros servicios inform\u00e1ticos.<\/li><li aria-level=\"1\">En caso de que se ponga en contacto con nosotros para hacernos una consulta las trataremos para darle respuesta.<\/li><li aria-level=\"1\">Si nos da su consentimiento, tambi\u00e9n podremos tratar sus datos para enviarle informaci\u00f3n sobre nuestras actividades, productos o servicios.<\/li><\/ul><p><b>\u00bfPor cu\u00e1nto tiempo conservaremos sus datos?<\/b><\/p><ul><li aria-level=\"1\">Los datos personales proporcionados se conservar\u00e1n mientras sea usuario de nuestros servicios o quiera recibir informaci\u00f3n, dado que puede oponerse al tratamiento de sus datos con fines promocionales en cualquier momento, y<br>despu\u00e9s, durante los plazos establecidos para cumplir con nuestras obligaciones legales, que en el caso documentaci\u00f3n contable y fiscal a efectos mercantiles ser\u00e1n 6 a\u00f1os, de conformidad con el art. 30 del C\u00f3digo Comercio, ya efectos fiscales ser\u00e1n 4 a\u00f1os, de acuerdo con los art\u00edculos 66 a 70 de la Ley General Tributaria. <\/li><\/ul><p><b>\u00bfCu\u00e1l es la legitimaci\u00f3n para el tratamiento de sus datos?<br><\/b><span style=\"font-size: 17px;\">La legitimaci\u00f3n para su tratamiento se encuentra en la ejecuci\u00f3n del contrato de servicios y en los consentimientos que nos da.<\/span><b><\/b><\/p><p>Respecto a aquella informaci\u00f3n que sea remitida por menores de 14 a\u00f1os, ser\u00e1 requisito imprescindible que se haga con el consentimiento paterno, tutor o legal representante del menor para que los datos personales puedan ser objeto de tratamiento. Si no es as\u00ed, el representante legal del menor debe comunicarlo tan pronto como tenga conocimiento. <\/p><p><b>\u00bfA qu\u00e9 destinatarios se comunicar\u00e1n sus datos?<br><\/b><span style=\"font-size: 17px;\">Los datos no ser\u00e1n comunicados a terceros, salvo que lo exija una ley o sea necesario para cumplir con la finalidad del tratamiento.<\/span><b><\/b><\/p><p><b>\u00bfCu\u00e1les son sus derechos cuando nos facilita sus datos?<\/b><\/p><ul><li aria-level=\"1\">Cualquier persona tiene derecho a obtener confirmaci\u00f3n sobre si estamos tratando o nosus datos personales.<\/li><li aria-level=\"1\">Las personas interesadas tienen derecho a acceder a sus datos personales, as\u00ed como a solicitar la rectificaci\u00f3n de los datos inexactos o, en su caso, solicitar su supresi\u00f3n cuando, entre otros motivos, los datos ya no sean necesarios para los fines para los que se recogieron.<\/li><li aria-level=\"1\">En determinadas circunstancias los interesados \u200b\u200bpodr\u00e1n solicitar la limitaci\u00f3n del tratamiento de sus datos, en cuyo caso \u00fanicamente los conservaremos para el ejercicio o la defensa de reclamaciones.<\/li><li aria-level=\"1\">Tambi\u00e9n, en determinadas circunstancias y por motivos relacionados con su situaci\u00f3n particular, los interesados \u200b\u200bpueden oponerse al tratamiento de sus datos. En este caso dejaremos de tratarlas, salvo por motivos leg\u00edtimos imperiosos o para el ejercicio o defensa de posibles reclamaciones. <\/li><li aria-level=\"1\">Los interesados \u200b\u200btambi\u00e9n tendr\u00e1n derecho a la portabilidad de sus datos.<\/li><li aria-level=\"1\">Cualquier interesado tiene derecho a no ser objeto de una decisi\u00f3n basada \u00fanicamente en el tratamiento automatizado, incluida la elaboraci\u00f3n de perfiles, que produzca efectos jur\u00eddicos que le afecten o que le afecten significativamente de forma similar.<\/li><li aria-level=\"1\">Por \u00faltimo, los interesados \u200b\u200btienen derecho a presentar una reclamaci\u00f3n ante la Autoridad de Control competente.<\/li><\/ul><p><b>\u00bfC\u00f3mo puede ejercer sus derechos? <br><\/b><span style=\"font-size: 17px;\">Envi\u00e1ndonos un escrito adjuntando una copia de un documento que lo identifique, en nuestra direcci\u00f3n f\u00edsica o en la electr\u00f3nica.<\/span><b><\/b><\/p><p><b>\u00bfC\u00f3mo hemos obtenido sus datos?<br><\/b><span style=\"font-size: 17px;\">Los datos personales que tratamos proceden del propio interesado, quien garantiza que los datos personales facilitados son ciertos y se hace responsable de comunicar cualquier modificaci\u00f3n. Los datos que est\u00e9n marcados con un asterisco son obligatorios para poder darle el servicio solicitado. <\/span><b><\/b><\/p><p><b>\u00bfQu\u00e9 datos tratamos?<br><\/b><span style=\"font-size: 17px;\">Las categor\u00edas de datos que podemos tratar son:<\/span><b><\/b><\/p><ul><li aria-level=\"1\">Datos de car\u00e1cter identificativo<\/li><li aria-level=\"1\">Direcciones postales o electr\u00f3nicas<\/li><li aria-level=\"1\">Datos de representantes legales de personas jur\u00eddicas<\/li><\/ul><p>Los datos son limitados, dado que \u00fanicamente tratamos los datos necesarios para la prestaci\u00f3n de nuestros servicios y la gesti\u00f3n de nuestra actividad.<\/p><p><b>\u00bfRealizamos transferencias internacionales de datos?<\/b><br>En la prestaci\u00f3n de nuestros servicios nos valemos de empresas auxiliares que tratan datos por nuestra cuenta fuera de la Uni\u00f3n Europea. Estas transmisiones internacionales de datos est\u00e1n amparadas en las Cl\u00e1usulas contractuales tipo de protecci\u00f3n de datos adoptadas por la Comisi\u00f3n Europea, de conformidad con el procedimiento de examen a que se refiere el art\u00edculo 93, apartado 2 del RGPD.<b><\/b><\/p><p><b>\u00bfUtilizamos cookies?<br><\/b><span style=\"font-size: 17px;\">Utilizamos cookies durante la navegaci\u00f3n en nuestra web con el consentimiento del usuario.<\/span><b><\/b><\/p><p>El usuario puede configurar su navegador para que le avise de la utilizaci\u00f3n de cookies y para evitar su uso. Por favor, visite nuestra pol\u00edtica de cookies. <\/p><p><b>\u00bfQu\u00e9 medidas de seguridad aplicamos?<br><\/b><span style=\"font-size: 17px;\">Aplicamos las medidas de seguridad establecidas en el art\u00edculo 32 del RGPD, por tanto hemos adoptado las medidas de seguridad necesarias para garantizar un nivel de seguridad adecuado al riesgo del tratamiento de datos que realizamos, con mecanismos que nos permitan garantizar la confidencialidad, integridad, disponibilidad y resiliencia permanente de los sistemas y servicios de tratamiento.<\/span><b><\/b><\/p><p>Algunas de estas medidas son:<\/p><ul><li aria-level=\"1\">Informaci\u00f3n de las pol\u00edticas de tratamiento de datos al personal.<\/li><li aria-level=\"1\">Realizaci\u00f3n de copias de seguridad peri\u00f3dicas.<\/li><li aria-level=\"1\">Control de acceso a los datos.<\/li><li aria-level=\"1\">Procesos de verificaci\u00f3n, evaluaci\u00f3n y valoraci\u00f3n regulares.<\/li><\/ul><p><b>\u00bfC\u00f3mo tratamos los datos por cuenta de terceros?<\/b><br>Cuando en la prestaci\u00f3n de nuestros servicios debamos tratar datos de car\u00e1cter personal de los que otras entidades sean las responsables, lo haremos en calidad de encargados del tratamiento, de conformidad con lo establecido en el art\u00edculo 28 del RGPD. Estos tratamientos de los datos personales se regular\u00e1n en el correspondiente contrato de tratamiento de datos.<b><\/b><\/p>\t\t\t\t\t\t\t\t<\/div>\n\t\t\t\t<\/div>\n\t\t\t\t\t<\/div>\n\t\t<\/div>\n\t\t\t\t\t<\/div>\n\t\t<\/section>\n\t\t\t\t<\/div>\n\t\t","protected":false},"excerpt":{"rendered":"<p>S\u00edlvia Musquera Felip Junio 2021 S\u00edlvia Musquera Felip se compromete a proteger la privacidad de los usuarios que accedan a esta web y\/o cualquiera de sus servicios. La utilizaci\u00f3n de&hellip;<\/p>\n","protected":false},"author":1,"featured_media":0,"parent":0,"menu_order":0,"comment_status":"closed","ping_status":"closed","template":"","meta":{"footnotes":""},"class_list":["post-37080","page","type-page","status-publish","hentry"],"yoast_head":"<!-- This site is optimized with the Yoast SEO plugin v26.1.1 - https:\/\/yoast.com\/wordpress\/plugins\/seo\/ -->\n<title>Pol\u00edtica de privacidad - 3carme33<\/title>\n<meta name=\"robots\" content=\"index, follow, max-snippet:-1, max-image-preview:large, max-video-preview:-1\" \/>\n<link rel=\"canonical\" href=\"https:\/\/3carme33.cat\/es\/politica-de-privacidad\/\" \/>\n<meta property=\"og:locale\" content=\"es_ES\" \/>\n<meta property=\"og:type\" content=\"article\" \/>\n<meta property=\"og:title\" content=\"Pol\u00edtica de privacidad - 3carme33\" \/>\n<meta property=\"og:description\" content=\"S\u00edlvia Musquera Felip Junio 2021 S\u00edlvia Musquera Felip se compromete a proteger la privacidad de los usuarios que accedan a esta web y\/o cualquiera de sus servicios. La utilizaci\u00f3n de&hellip;\" \/>\n<meta property=\"og:url\" content=\"https:\/\/3carme33.cat\/es\/politica-de-privacidad\/\" \/>\n<meta property=\"og:site_name\" content=\"3carme33\" \/>\n<meta property=\"article:modified_time\" content=\"2025-11-07T11:51:24+00:00\" \/>\n<meta property=\"og:image\" content=\"https:\/\/3carme33.cat\/wp-content\/uploads\/2023\/05\/Hotel-Canaleta-Heras-03.jpg\" \/>\n\t<meta property=\"og:image:width\" content=\"1655\" \/>\n\t<meta property=\"og:image:height\" content=\"1087\" \/>\n\t<meta property=\"og:image:type\" content=\"image\/jpeg\" \/>\n<meta name=\"twitter:card\" content=\"summary_large_image\" \/>\n<meta name=\"twitter:label1\" content=\"Tiempo de lectura\" \/>\n\t<meta name=\"twitter:data1\" content=\"7 minutos\" \/>\n<script type=\"application\/ld+json\" class=\"yoast-schema-graph\">{\"@context\":\"https:\/\/schema.org\",\"@graph\":[{\"@type\":\"WebPage\",\"@id\":\"https:\/\/3carme33.cat\/es\/politica-de-privacidad\/\",\"url\":\"https:\/\/3carme33.cat\/es\/politica-de-privacidad\/\",\"name\":\"Pol\u00edtica de privacidad - 3carme33\",\"isPartOf\":{\"@id\":\"https:\/\/3carme33.cat\/es\/#website\"},\"datePublished\":\"2025-11-03T10:21:42+00:00\",\"dateModified\":\"2025-11-07T11:51:24+00:00\",\"breadcrumb\":{\"@id\":\"https:\/\/3carme33.cat\/es\/politica-de-privacidad\/#breadcrumb\"},\"inLanguage\":\"es\",\"potentialAction\":[{\"@type\":\"ReadAction\",\"target\":[\"https:\/\/3carme33.cat\/es\/politica-de-privacidad\/\"]}]},{\"@type\":\"BreadcrumbList\",\"@id\":\"https:\/\/3carme33.cat\/es\/politica-de-privacidad\/#breadcrumb\",\"itemListElement\":[{\"@type\":\"ListItem\",\"position\":1,\"name\":\"Portada\",\"item\":\"https:\/\/3carme33.cat\/es\/inicio\/\"},{\"@type\":\"ListItem\",\"position\":2,\"name\":\"Pol\u00edtica de privacidad\"}]},{\"@type\":\"WebSite\",\"@id\":\"https:\/\/3carme33.cat\/es\/#website\",\"url\":\"https:\/\/3carme33.cat\/es\/\",\"name\":\"3carme33\",\"description\":\"Architecture &amp; Interior Design WordPress Theme\",\"publisher\":{\"@id\":\"https:\/\/3carme33.cat\/es\/#organization\"},\"potentialAction\":[{\"@type\":\"SearchAction\",\"target\":{\"@type\":\"EntryPoint\",\"urlTemplate\":\"https:\/\/3carme33.cat\/es\/?s={search_term_string}\"},\"query-input\":{\"@type\":\"PropertyValueSpecification\",\"valueRequired\":true,\"valueName\":\"search_term_string\"}}],\"inLanguage\":\"es\"},{\"@type\":\"Organization\",\"@id\":\"https:\/\/3carme33.cat\/es\/#organization\",\"name\":\"3carme33\",\"url\":\"https:\/\/3carme33.cat\/es\/\",\"logo\":{\"@type\":\"ImageObject\",\"inLanguage\":\"es\",\"@id\":\"https:\/\/3carme33.cat\/es\/#\/schema\/logo\/image\/\",\"url\":\"https:\/\/3carme33.cat\/wp-content\/uploads\/2023\/06\/Diseno-sin-titulo-scaled.png\",\"contentUrl\":\"https:\/\/3carme33.cat\/wp-content\/uploads\/2023\/06\/Diseno-sin-titulo-scaled.png\",\"width\":2560,\"height\":640,\"caption\":\"3carme33\"},\"image\":{\"@id\":\"https:\/\/3carme33.cat\/es\/#\/schema\/logo\/image\/\"}}]}<\/script>\n<!-- \/ Yoast SEO plugin. -->","yoast_head_json":{"title":"Pol\u00edtica de privacidad - 3carme33","robots":{"index":"index","follow":"follow","max-snippet":"max-snippet:-1","max-image-preview":"max-image-preview:large","max-video-preview":"max-video-preview:-1"},"canonical":"https:\/\/3carme33.cat\/es\/politica-de-privacidad\/","og_locale":"es_ES","og_type":"article","og_title":"Pol\u00edtica de privacidad - 3carme33","og_description":"S\u00edlvia Musquera Felip Junio 2021 S\u00edlvia Musquera Felip se compromete a proteger la privacidad de los usuarios que accedan a esta web y\/o cualquiera de sus servicios. La utilizaci\u00f3n de&hellip;","og_url":"https:\/\/3carme33.cat\/es\/politica-de-privacidad\/","og_site_name":"3carme33","article_modified_time":"2025-11-07T11:51:24+00:00","og_image":[{"width":1655,"height":1087,"url":"https:\/\/3carme33.cat\/wp-content\/uploads\/2023\/05\/Hotel-Canaleta-Heras-03.jpg","type":"image\/jpeg"}],"twitter_card":"summary_large_image","twitter_misc":{"Tiempo de lectura":"7 minutos"},"schema":{"@context":"https:\/\/schema.org","@graph":[{"@type":"WebPage","@id":"https:\/\/3carme33.cat\/es\/politica-de-privacidad\/","url":"https:\/\/3carme33.cat\/es\/politica-de-privacidad\/","name":"Pol\u00edtica de privacidad - 3carme33","isPartOf":{"@id":"https:\/\/3carme33.cat\/es\/#website"},"datePublished":"2025-11-03T10:21:42+00:00","dateModified":"2025-11-07T11:51:24+00:00","breadcrumb":{"@id":"https:\/\/3carme33.cat\/es\/politica-de-privacidad\/#breadcrumb"},"inLanguage":"es","potentialAction":[{"@type":"ReadAction","target":["https:\/\/3carme33.cat\/es\/politica-de-privacidad\/"]}]},{"@type":"BreadcrumbList","@id":"https:\/\/3carme33.cat\/es\/politica-de-privacidad\/#breadcrumb","itemListElement":[{"@type":"ListItem","position":1,"name":"Portada","item":"https:\/\/3carme33.cat\/es\/inicio\/"},{"@type":"ListItem","position":2,"name":"Pol\u00edtica de privacidad"}]},{"@type":"WebSite","@id":"https:\/\/3carme33.cat\/es\/#website","url":"https:\/\/3carme33.cat\/es\/","name":"3carme33","description":"Architecture &amp; Interior Design WordPress Theme","publisher":{"@id":"https:\/\/3carme33.cat\/es\/#organization"},"potentialAction":[{"@type":"SearchAction","target":{"@type":"EntryPoint","urlTemplate":"https:\/\/3carme33.cat\/es\/?s={search_term_string}"},"query-input":{"@type":"PropertyValueSpecification","valueRequired":true,"valueName":"search_term_string"}}],"inLanguage":"es"},{"@type":"Organization","@id":"https:\/\/3carme33.cat\/es\/#organization","name":"3carme33","url":"https:\/\/3carme33.cat\/es\/","logo":{"@type":"ImageObject","inLanguage":"es","@id":"https:\/\/3carme33.cat\/es\/#\/schema\/logo\/image\/","url":"https:\/\/3carme33.cat\/wp-content\/uploads\/2023\/06\/Diseno-sin-titulo-scaled.png","contentUrl":"https:\/\/3carme33.cat\/wp-content\/uploads\/2023\/06\/Diseno-sin-titulo-scaled.png","width":2560,"height":640,"caption":"3carme33"},"image":{"@id":"https:\/\/3carme33.cat\/es\/#\/schema\/logo\/image\/"}}]}},"_links":{"self":[{"href":"https:\/\/3carme33.cat\/es\/wp-json\/wp\/v2\/pages\/37080","targetHints":{"allow":["GET"]}}],"collection":[{"href":"https:\/\/3carme33.cat\/es\/wp-json\/wp\/v2\/pages"}],"about":[{"href":"https:\/\/3carme33.cat\/es\/wp-json\/wp\/v2\/types\/page"}],"author":[{"embeddable":true,"href":"https:\/\/3carme33.cat\/es\/wp-json\/wp\/v2\/users\/1"}],"replies":[{"embeddable":true,"href":"https:\/\/3carme33.cat\/es\/wp-json\/wp\/v2\/comments?post=37080"}],"version-history":[{"count":2,"href":"https:\/\/3carme33.cat\/es\/wp-json\/wp\/v2\/pages\/37080\/revisions"}],"predecessor-version":[{"id":37375,"href":"https:\/\/3carme33.cat\/es\/wp-json\/wp\/v2\/pages\/37080\/revisions\/37375"}],"wp:attachment":[{"href":"https:\/\/3carme33.cat\/es\/wp-json\/wp\/v2\/media?parent=37080"}],"curies":[{"name":"wp","href":"https:\/\/api.w.org\/{rel}","templated":true}]}}