{"id":37217,"date":"2025-11-03T10:10:53","date_gmt":"2025-11-03T10:10:53","guid":{"rendered":"https:\/\/3carme33.cat\/legal-advice\/"},"modified":"2025-11-07T11:40:23","modified_gmt":"2025-11-07T11:40:23","slug":"legal-advice","status":"publish","type":"page","link":"https:\/\/3carme33.cat\/en\/legal-advice\/","title":{"rendered":"Legal advice"},"content":{"rendered":"\t\t<div data-elementor-type=\"wp-page\" data-elementor-id=\"37217\" class=\"elementor elementor-37217 elementor-36735\" data-elementor-post-type=\"page\">\n\t\t\t\t\t\t<section class=\"elementor-section elementor-top-section elementor-element elementor-element-3b0967f elementor-section-boxed elementor-section-height-default elementor-section-height-default sc_fly_static\" data-id=\"3b0967f\" data-element_type=\"section\">\n\t\t\t\t\t\t<div class=\"elementor-container elementor-column-gap-extended\">\n\t\t\t\t\t<div class=\"elementor-column elementor-col-100 elementor-top-column elementor-element elementor-element-57481e7 sc_content_align_inherit sc_layouts_column_icons_position_left sc_fly_static\" data-id=\"57481e7\" data-element_type=\"column\">\n\t\t\t<div class=\"elementor-widget-wrap elementor-element-populated\">\n\t\t\t\t\t\t<div class=\"elementor-element elementor-element-1982858 sc_fly_static elementor-widget elementor-widget-text-editor\" data-id=\"1982858\" data-element_type=\"widget\" data-widget_type=\"text-editor.default\">\n\t\t\t\t<div class=\"elementor-widget-container\">\n\t\t\t\t\t\t\t\t\t<h2>S\u00edlvia Musquera Felip<\/h2><p><b>Information on Compliance with Article 10 of the LSSI<\/b><\/p><p><b>The owner of this website is:<\/b><br>Identity: S\u00edlvia Musquera Felip<br>NIF: 40443371X<br>Address: Carrer Esgl\u00e9sia, 10 Espolla, 17753<br>Tel.: 972 50 14 13<br>Email: info@3carme33.com<\/p><p><b>Condicions d\u2019\u00fas<br><\/b>L\u2019\u00fas d\u2019aquest web implica l\u2019acceptaci\u00f3 plena dels termes i condicions del present av\u00eds legal. Els possibles conflictes relatius a aquest web es regiran exclusivament pel dret de l\u2019Estat espanyol. Tota persona usu\u00e0ria del web, independentment de la jurisdicci\u00f3 territorial des de la qual es produeixi el seu acc\u00e9s, accepta el compliment i respecte d\u2019aquestes cl\u00e0usules amb ren\u00fancia expressa a qualsevol altre fur que li pogu\u00e9s correspondre.<\/p><p><b>Propietat intel\u00b7lectual i industrial<br><\/b>La totalitat del contingut d\u2019aquest lloc web, ja siguin textos, imatges, sons, marques, logotips o altres elements, aix\u00ed com subestructura, disseny, combinacions de colors o forma de presentaci\u00f3 dels materials, estan protegits per drets de propietat industrial i intel\u00b7lectual que l\u2019usuari d\u2019aquest lloc web ha de respectar. No \u00e9s l\u00edcita la seva transformaci\u00f3 o alteraci\u00f3, comunicaci\u00f3 p\u00fablica o qualsevol altra forma d\u2019explotaci\u00f3 per qualsevol procediment sense l\u2019autoritzaci\u00f3 expressa de S\u00edlvia Musquera Felip.<\/p><p><b>Responsabilitat sobre els continguts<br><\/b>Encara que S\u00edlvia Musquera Felip actua amb la m\u00e0xima dilig\u00e8ncia possible, es pot donar el cas que alguna dada o informaci\u00f3 no estigui del tot actualitzada en el moment que l\u2019usuari del lloc web el consulti. Per aix\u00f2, les informacions que es presenten en aquesta web tenen una funci\u00f3 orientativa i no obliguen a S\u00edlvia Musquera Felip.<\/p><p>S\u00edlvia Musquera Felip will not be responsible for the information that may be obtained through links included on its website.<\/p><p>S\u00edlvia Musquera Felip reserves the right to make, at any time and without prior notice, modifications or updates to the information and any of the elements that make up the design and configuration of the website.<\/p><p><b>Llei aplicable i jurisdicci\u00f3:<br><\/b>L\u2019\u00fas d\u2019aquest lloc web implica l\u2019acceptaci\u00f3 plena dels termes i condicions en el present av\u00eds legal. Els possibles conflictes relatius a aquest web es regiran exclusivament per la legislaci\u00f3 espanyola, sent competents els Jutjats i Tribunals espanyols per a con\u00e8ixer qualsevol q\u00fcesti\u00f3 que es susciti sobre ella. L\u2019usuari, en virtut de la seva acceptaci\u00f3 ren\u00fancia expressament a qualsevol fur que per aplicaci\u00f3 de la Llei d\u2019Enjudiciament Civil vigent li pogu\u00e9s correspondre.<\/p>\t\t\t\t\t\t\t\t<\/div>\n\t\t\t\t<\/div>\n\t\t\t\t\t<\/div>\n\t\t<\/div>\n\t\t\t\t\t<\/div>\n\t\t<\/section>\n\t\t\t\t<\/div>\n\t\t","protected":false},"excerpt":{"rendered":"<p>S\u00edlvia Musquera Felip Information on Compliance with Article 10 of the LSSI The owner of this website is:Identity: S\u00edlvia Musquera FelipNIF: 40443371XAddress: Carrer Esgl\u00e9sia, 10 Espolla, 17753Tel.: 972 50 14&hellip;<\/p>\n","protected":false},"author":1,"featured_media":0,"parent":0,"menu_order":0,"comment_status":"closed","ping_status":"closed","template":"","meta":{"footnotes":""},"class_list":["post-37217","page","type-page","status-publish","hentry"],"yoast_head":"<!-- This site is optimized with the Yoast SEO plugin v26.1.1 - https:\/\/yoast.com\/wordpress\/plugins\/seo\/ -->\n<title>Legal advice - 3carme33<\/title>\n<meta name=\"robots\" content=\"index, follow, max-snippet:-1, max-image-preview:large, max-video-preview:-1\" \/>\n<link rel=\"canonical\" href=\"https:\/\/3carme33.cat\/en\/legal-advice\/\" \/>\n<meta property=\"og:locale\" content=\"en_US\" \/>\n<meta property=\"og:type\" content=\"article\" \/>\n<meta property=\"og:title\" content=\"Legal advice - 3carme33\" \/>\n<meta property=\"og:description\" content=\"S\u00edlvia Musquera Felip Information on Compliance with Article 10 of the LSSI The owner of this website is:Identity: S\u00edlvia Musquera FelipNIF: 40443371XAddress: Carrer Esgl\u00e9sia, 10 Espolla, 17753Tel.: 972 50 14&hellip;\" \/>\n<meta property=\"og:url\" content=\"https:\/\/3carme33.cat\/en\/legal-advice\/\" \/>\n<meta property=\"og:site_name\" content=\"3carme33\" \/>\n<meta property=\"article:modified_time\" content=\"2025-11-07T11:40:23+00:00\" \/>\n<meta property=\"og:image\" content=\"https:\/\/3carme33.cat\/wp-content\/uploads\/2023\/05\/Hotel-Canaleta-Heras-03.jpg\" \/>\n\t<meta property=\"og:image:width\" content=\"1655\" \/>\n\t<meta property=\"og:image:height\" content=\"1087\" \/>\n\t<meta property=\"og:image:type\" content=\"image\/jpeg\" \/>\n<meta name=\"twitter:card\" content=\"summary_large_image\" \/>\n<meta name=\"twitter:label1\" content=\"Est. reading time\" \/>\n\t<meta name=\"twitter:data1\" content=\"2 minutes\" \/>\n<script type=\"application\/ld+json\" class=\"yoast-schema-graph\">{\"@context\":\"https:\/\/schema.org\",\"@graph\":[{\"@type\":\"WebPage\",\"@id\":\"https:\/\/3carme33.cat\/en\/legal-advice\/\",\"url\":\"https:\/\/3carme33.cat\/en\/legal-advice\/\",\"name\":\"Legal advice - 3carme33\",\"isPartOf\":{\"@id\":\"https:\/\/3carme33.cat\/en\/#website\"},\"datePublished\":\"2025-11-03T10:10:53+00:00\",\"dateModified\":\"2025-11-07T11:40:23+00:00\",\"breadcrumb\":{\"@id\":\"https:\/\/3carme33.cat\/en\/legal-advice\/#breadcrumb\"},\"inLanguage\":\"en-US\",\"potentialAction\":[{\"@type\":\"ReadAction\",\"target\":[\"https:\/\/3carme33.cat\/en\/legal-advice\/\"]}]},{\"@type\":\"BreadcrumbList\",\"@id\":\"https:\/\/3carme33.cat\/en\/legal-advice\/#breadcrumb\",\"itemListElement\":[{\"@type\":\"ListItem\",\"position\":1,\"name\":\"Portada\",\"item\":\"https:\/\/3carme33.cat\/en\/home\/\"},{\"@type\":\"ListItem\",\"position\":2,\"name\":\"Legal advice\"}]},{\"@type\":\"WebSite\",\"@id\":\"https:\/\/3carme33.cat\/en\/#website\",\"url\":\"https:\/\/3carme33.cat\/en\/\",\"name\":\"3carme33\",\"description\":\"Architecture &amp; Interior Design WordPress Theme\",\"publisher\":{\"@id\":\"https:\/\/3carme33.cat\/en\/#organization\"},\"potentialAction\":[{\"@type\":\"SearchAction\",\"target\":{\"@type\":\"EntryPoint\",\"urlTemplate\":\"https:\/\/3carme33.cat\/en\/?s={search_term_string}\"},\"query-input\":{\"@type\":\"PropertyValueSpecification\",\"valueRequired\":true,\"valueName\":\"search_term_string\"}}],\"inLanguage\":\"en-US\"},{\"@type\":\"Organization\",\"@id\":\"https:\/\/3carme33.cat\/en\/#organization\",\"name\":\"3carme33\",\"url\":\"https:\/\/3carme33.cat\/en\/\",\"logo\":{\"@type\":\"ImageObject\",\"inLanguage\":\"en-US\",\"@id\":\"https:\/\/3carme33.cat\/en\/#\/schema\/logo\/image\/\",\"url\":\"https:\/\/3carme33.cat\/wp-content\/uploads\/2023\/06\/Diseno-sin-titulo-scaled.png\",\"contentUrl\":\"https:\/\/3carme33.cat\/wp-content\/uploads\/2023\/06\/Diseno-sin-titulo-scaled.png\",\"width\":2560,\"height\":640,\"caption\":\"3carme33\"},\"image\":{\"@id\":\"https:\/\/3carme33.cat\/en\/#\/schema\/logo\/image\/\"}}]}<\/script>\n<!-- \/ Yoast SEO plugin. -->","yoast_head_json":{"title":"Legal advice - 3carme33","robots":{"index":"index","follow":"follow","max-snippet":"max-snippet:-1","max-image-preview":"max-image-preview:large","max-video-preview":"max-video-preview:-1"},"canonical":"https:\/\/3carme33.cat\/en\/legal-advice\/","og_locale":"en_US","og_type":"article","og_title":"Legal advice - 3carme33","og_description":"S\u00edlvia Musquera Felip Information on Compliance with Article 10 of the LSSI The owner of this website is:Identity: S\u00edlvia Musquera FelipNIF: 40443371XAddress: Carrer Esgl\u00e9sia, 10 Espolla, 17753Tel.: 972 50 14&hellip;","og_url":"https:\/\/3carme33.cat\/en\/legal-advice\/","og_site_name":"3carme33","article_modified_time":"2025-11-07T11:40:23+00:00","og_image":[{"width":1655,"height":1087,"url":"https:\/\/3carme33.cat\/wp-content\/uploads\/2023\/05\/Hotel-Canaleta-Heras-03.jpg","type":"image\/jpeg"}],"twitter_card":"summary_large_image","twitter_misc":{"Est. reading time":"2 minutes"},"schema":{"@context":"https:\/\/schema.org","@graph":[{"@type":"WebPage","@id":"https:\/\/3carme33.cat\/en\/legal-advice\/","url":"https:\/\/3carme33.cat\/en\/legal-advice\/","name":"Legal advice - 3carme33","isPartOf":{"@id":"https:\/\/3carme33.cat\/en\/#website"},"datePublished":"2025-11-03T10:10:53+00:00","dateModified":"2025-11-07T11:40:23+00:00","breadcrumb":{"@id":"https:\/\/3carme33.cat\/en\/legal-advice\/#breadcrumb"},"inLanguage":"en-US","potentialAction":[{"@type":"ReadAction","target":["https:\/\/3carme33.cat\/en\/legal-advice\/"]}]},{"@type":"BreadcrumbList","@id":"https:\/\/3carme33.cat\/en\/legal-advice\/#breadcrumb","itemListElement":[{"@type":"ListItem","position":1,"name":"Portada","item":"https:\/\/3carme33.cat\/en\/home\/"},{"@type":"ListItem","position":2,"name":"Legal advice"}]},{"@type":"WebSite","@id":"https:\/\/3carme33.cat\/en\/#website","url":"https:\/\/3carme33.cat\/en\/","name":"3carme33","description":"Architecture &amp; Interior Design WordPress Theme","publisher":{"@id":"https:\/\/3carme33.cat\/en\/#organization"},"potentialAction":[{"@type":"SearchAction","target":{"@type":"EntryPoint","urlTemplate":"https:\/\/3carme33.cat\/en\/?s={search_term_string}"},"query-input":{"@type":"PropertyValueSpecification","valueRequired":true,"valueName":"search_term_string"}}],"inLanguage":"en-US"},{"@type":"Organization","@id":"https:\/\/3carme33.cat\/en\/#organization","name":"3carme33","url":"https:\/\/3carme33.cat\/en\/","logo":{"@type":"ImageObject","inLanguage":"en-US","@id":"https:\/\/3carme33.cat\/en\/#\/schema\/logo\/image\/","url":"https:\/\/3carme33.cat\/wp-content\/uploads\/2023\/06\/Diseno-sin-titulo-scaled.png","contentUrl":"https:\/\/3carme33.cat\/wp-content\/uploads\/2023\/06\/Diseno-sin-titulo-scaled.png","width":2560,"height":640,"caption":"3carme33"},"image":{"@id":"https:\/\/3carme33.cat\/en\/#\/schema\/logo\/image\/"}}]}},"_links":{"self":[{"href":"https:\/\/3carme33.cat\/en\/wp-json\/wp\/v2\/pages\/37217","targetHints":{"allow":["GET"]}}],"collection":[{"href":"https:\/\/3carme33.cat\/en\/wp-json\/wp\/v2\/pages"}],"about":[{"href":"https:\/\/3carme33.cat\/en\/wp-json\/wp\/v2\/types\/page"}],"author":[{"embeddable":true,"href":"https:\/\/3carme33.cat\/en\/wp-json\/wp\/v2\/users\/1"}],"replies":[{"embeddable":true,"href":"https:\/\/3carme33.cat\/en\/wp-json\/wp\/v2\/comments?post=37217"}],"version-history":[{"count":2,"href":"https:\/\/3carme33.cat\/en\/wp-json\/wp\/v2\/pages\/37217\/revisions"}],"predecessor-version":[{"id":37413,"href":"https:\/\/3carme33.cat\/en\/wp-json\/wp\/v2\/pages\/37217\/revisions\/37413"}],"wp:attachment":[{"href":"https:\/\/3carme33.cat\/en\/wp-json\/wp\/v2\/media?parent=37217"}],"curies":[{"name":"wp","href":"https:\/\/api.w.org\/{rel}","templated":true}]}}